{"id":81,"date":"2021-03-09T11:12:45","date_gmt":"2021-03-09T11:12:45","guid":{"rendered":"http:\/\/www.esoca.com\/?page_id=81"},"modified":"2021-04-19T11:36:38","modified_gmt":"2021-04-19T11:36:38","slug":"quienes-somos","status":"publish","type":"page","link":"https:\/\/www.esoca.com\/?page_id=81","title":{"rendered":"Qui\u00e9nes somos"},"content":{"rendered":"<p>Esoca, s.l. (Estudios y Obras Campo) es una empresa de construcci\u00f3n familiar sucesora de la actividad de Jos\u00e9 Campo del Pozo. Los trabajos desarrollados abarcan la edificaci\u00f3n de obras nuevas, rehabilitaci\u00f3n y restauraci\u00f3n de edificios. Las intervenciones realizadas en el campo de la restauraci\u00f3n de Bienes Hist\u00f3rico-Art\u00edsticos, han permitido su inclusi\u00f3n como empresa clasificada con la categor\u00eda K7-4 desde los a\u00f1os setenta.<\/p>\n\n\n<figure class=\"wp-block-image size-large\"><img loading=\"lazy\" decoding=\"async\" width=\"1024\" height=\"555\" src=\"http:\/\/www.esoca.com\/wp-content\/uploads\/2021\/04\/Obras-7-1-1024x555.jpg\" alt=\"\" class=\"wp-image-191\" srcset=\"https:\/\/www.esoca.com\/wp-content\/uploads\/2021\/04\/Obras-7-1-1024x555.jpg 1024w, https:\/\/www.esoca.com\/wp-content\/uploads\/2021\/04\/Obras-7-1-300x163.jpg 300w, https:\/\/www.esoca.com\/wp-content\/uploads\/2021\/04\/Obras-7-1-768x416.jpg 768w, https:\/\/www.esoca.com\/wp-content\/uploads\/2021\/04\/Obras-7-1.jpg 1425w\" sizes=\"(max-width: 1024px) 100vw, 1024px\" \/><\/figure>\n","protected":false},"excerpt":{"rendered":"<p>Esoca, s.l. (Estudios y Obras Campo) es una empresa de construcci\u00f3n familiar sucesora de la actividad de Jos\u00e9 Campo del Pozo. Los trabajos desarrollados abarcan la edificaci\u00f3n de obras nuevas, rehabilitaci\u00f3n y restauraci\u00f3n de edificios. Las intervenciones realizadas en el campo de la restauraci\u00f3n de Bienes Hist\u00f3rico-Art\u00edsticos, han permitido su inclusi\u00f3n como empresa clasificada con la categor\u00eda K7-4 desde los [&hellip;]<\/p>\n","protected":false},"author":1,"featured_media":0,"parent":0,"menu_order":0,"comment_status":"closed","ping_status":"closed","template":"","meta":{"footnotes":""},"yoast_head":"<!-- This site is optimized with the Yoast SEO plugin v16.2 - https:\/\/yoast.com\/wordpress\/plugins\/seo\/ -->\n<title>Qui\u00e9nes somos - Esoca, s.l.<\/title>\n<meta name=\"robots\" content=\"index, follow, max-snippet:-1, max-image-preview:large, max-video-preview:-1\" \/>\n<link rel=\"canonical\" href=\"https:\/\/www.esoca.com\/?page_id=81\" \/>\n<meta property=\"og:locale\" content=\"en_US\" \/>\n<meta property=\"og:type\" content=\"article\" \/>\n<meta property=\"og:title\" content=\"Qui\u00e9nes somos - Esoca, s.l.\" \/>\n<meta property=\"og:description\" content=\"Esoca, s.l. (Estudios y Obras Campo) es una empresa de construcci\u00f3n familiar sucesora de la actividad de Jos\u00e9 Campo del Pozo. Los trabajos desarrollados abarcan la edificaci\u00f3n de obras nuevas, rehabilitaci\u00f3n y restauraci\u00f3n de edificios. Las intervenciones realizadas en el campo de la restauraci\u00f3n de Bienes Hist\u00f3rico-Art\u00edsticos, han permitido su inclusi\u00f3n como empresa clasificada con la categor\u00eda K7-4 desde los [&hellip;]\" \/>\n<meta property=\"og:url\" content=\"https:\/\/www.esoca.com\/?page_id=81\" \/>\n<meta property=\"og:site_name\" content=\"Esoca, s.l.\" \/>\n<meta property=\"article:modified_time\" content=\"2021-04-19T11:36:38+00:00\" \/>\n<meta property=\"og:image\" content=\"http:\/\/www.esoca.com\/wp-content\/uploads\/2021\/04\/Obras-7-1-1024x555.jpg\" \/>\n<meta name=\"twitter:card\" content=\"summary_large_image\" \/>\n<meta name=\"twitter:label1\" content=\"Est. reading time\">\n\t<meta name=\"twitter:data1\" content=\"1 minute\">\n<script type=\"application\/ld+json\" class=\"yoast-schema-graph\">{\"@context\":\"https:\/\/schema.org\",\"@graph\":[{\"@type\":\"WebSite\",\"@id\":\"https:\/\/www.esoca.com\/#website\",\"url\":\"https:\/\/www.esoca.com\/\",\"name\":\"Esoca, s.l.\",\"description\":\"Estudios y Obras Campo\",\"potentialAction\":[{\"@type\":\"SearchAction\",\"target\":\"https:\/\/www.esoca.com\/?s={search_term_string}\",\"query-input\":\"required name=search_term_string\"}],\"inLanguage\":\"en-US\"},{\"@type\":\"ImageObject\",\"@id\":\"https:\/\/www.esoca.com\/?page_id=81#primaryimage\",\"inLanguage\":\"en-US\",\"url\":\"http:\/\/www.esoca.com\/wp-content\/uploads\/2021\/04\/Obras-7-1-1024x555.jpg\",\"contentUrl\":\"http:\/\/www.esoca.com\/wp-content\/uploads\/2021\/04\/Obras-7-1-1024x555.jpg\"},{\"@type\":\"WebPage\",\"@id\":\"https:\/\/www.esoca.com\/?page_id=81#webpage\",\"url\":\"https:\/\/www.esoca.com\/?page_id=81\",\"name\":\"Qui\\u00e9nes somos - Esoca, s.l.\",\"isPartOf\":{\"@id\":\"https:\/\/www.esoca.com\/#website\"},\"primaryImageOfPage\":{\"@id\":\"https:\/\/www.esoca.com\/?page_id=81#primaryimage\"},\"datePublished\":\"2021-03-09T11:12:45+00:00\",\"dateModified\":\"2021-04-19T11:36:38+00:00\",\"breadcrumb\":{\"@id\":\"https:\/\/www.esoca.com\/?page_id=81#breadcrumb\"},\"inLanguage\":\"en-US\",\"potentialAction\":[{\"@type\":\"ReadAction\",\"target\":[\"https:\/\/www.esoca.com\/?page_id=81\"]}]},{\"@type\":\"BreadcrumbList\",\"@id\":\"https:\/\/www.esoca.com\/?page_id=81#breadcrumb\",\"itemListElement\":[{\"@type\":\"ListItem\",\"position\":1,\"item\":{\"@type\":\"WebPage\",\"@id\":\"https:\/\/www.esoca.com\/\",\"url\":\"https:\/\/www.esoca.com\/\",\"name\":\"Portada\"}},{\"@type\":\"ListItem\",\"position\":2,\"item\":{\"@id\":\"https:\/\/www.esoca.com\/?page_id=81#webpage\"}}]}]}<\/script>\n<!-- \/ Yoast SEO plugin. -->","_links":{"self":[{"href":"https:\/\/www.esoca.com\/index.php?rest_route=\/wp\/v2\/pages\/81"}],"collection":[{"href":"https:\/\/www.esoca.com\/index.php?rest_route=\/wp\/v2\/pages"}],"about":[{"href":"https:\/\/www.esoca.com\/index.php?rest_route=\/wp\/v2\/types\/page"}],"author":[{"embeddable":true,"href":"https:\/\/www.esoca.com\/index.php?rest_route=\/wp\/v2\/users\/1"}],"replies":[{"embeddable":true,"href":"https:\/\/www.esoca.com\/index.php?rest_route=%2Fwp%2Fv2%2Fcomments&post=81"}],"version-history":[{"count":6,"href":"https:\/\/www.esoca.com\/index.php?rest_route=\/wp\/v2\/pages\/81\/revisions"}],"predecessor-version":[{"id":192,"href":"https:\/\/www.esoca.com\/index.php?rest_route=\/wp\/v2\/pages\/81\/revisions\/192"}],"wp:attachment":[{"href":"https:\/\/www.esoca.com\/index.php?rest_route=%2Fwp%2Fv2%2Fmedia&parent=81"}],"curies":[{"name":"wp","href":"https:\/\/api.w.org\/{rel}","templated":true}]}}