{"id":41,"date":"2021-03-05T09:02:58","date_gmt":"2021-03-05T09:02:58","guid":{"rendered":"http:\/\/www.esoca.com\/?page_id=41"},"modified":"2026-01-07T11:43:53","modified_gmt":"2026-01-07T11:43:53","slug":"nuestros-servicios","status":"publish","type":"page","link":"https:\/\/www.esoca.com\/","title":{"rendered":"Nuestros servicios"},"content":{"rendered":"\n<p>Construcci\u00f3n, restauraci\u00f3n y rehabilitaci\u00f3n de edificios<\/p>\n\n\n\n<p>Conservaci\u00f3n de bienes hist\u00f3rico art\u00edsticos<\/p>\n\n\n\n<p>Talleres de restauraci\u00f3n: canter\u00eda, vidrieras y bienes muebles<\/p>\n\n\n\n<p>Estudios de ingenier\u00eda<\/p>\n","protected":false},"excerpt":{"rendered":"<p>Construcci\u00f3n, restauraci\u00f3n y rehabilitaci\u00f3n de edificios Conservaci\u00f3n de bienes hist\u00f3rico art\u00edsticos Talleres de restauraci\u00f3n: canter\u00eda, vidrieras y bienes muebles Estudios de ingenier\u00eda<\/p>\n","protected":false},"author":1,"featured_media":0,"parent":0,"menu_order":0,"comment_status":"closed","ping_status":"closed","template":"","meta":{"footnotes":""},"yoast_head":"<!-- This site is optimized with the Yoast SEO plugin v16.2 - https:\/\/yoast.com\/wordpress\/plugins\/seo\/ -->\n<title>Nuestros servicios - Esoca, s.l.<\/title>\n<meta name=\"robots\" content=\"index, follow, max-snippet:-1, max-image-preview:large, max-video-preview:-1\" \/>\n<link rel=\"canonical\" href=\"https:\/\/www.esoca.com\/\" \/>\n<meta property=\"og:locale\" content=\"en_US\" \/>\n<meta property=\"og:type\" content=\"article\" \/>\n<meta property=\"og:title\" content=\"Nuestros servicios - Esoca, s.l.\" \/>\n<meta property=\"og:description\" content=\"Construcci\u00f3n, restauraci\u00f3n y rehabilitaci\u00f3n de edificios Conservaci\u00f3n de bienes hist\u00f3rico art\u00edsticos Talleres de restauraci\u00f3n: canter\u00eda, vidrieras y bienes muebles Estudios de ingenier\u00eda\" \/>\n<meta property=\"og:url\" content=\"https:\/\/www.esoca.com\/\" \/>\n<meta property=\"og:site_name\" content=\"Esoca, s.l.\" \/>\n<meta property=\"article:modified_time\" content=\"2026-01-07T11:43:53+00:00\" \/>\n<meta name=\"twitter:card\" content=\"summary_large_image\" \/>\n<meta name=\"twitter:label1\" content=\"Est. reading time\">\n\t<meta name=\"twitter:data1\" content=\"1 minute\">\n<script type=\"application\/ld+json\" class=\"yoast-schema-graph\">{\"@context\":\"https:\/\/schema.org\",\"@graph\":[{\"@type\":\"WebSite\",\"@id\":\"https:\/\/www.esoca.com\/#website\",\"url\":\"https:\/\/www.esoca.com\/\",\"name\":\"Esoca, s.l.\",\"description\":\"Estudios y Obras Campo\",\"potentialAction\":[{\"@type\":\"SearchAction\",\"target\":\"https:\/\/www.esoca.com\/?s={search_term_string}\",\"query-input\":\"required name=search_term_string\"}],\"inLanguage\":\"en-US\"},{\"@type\":\"WebPage\",\"@id\":\"https:\/\/www.esoca.com\/#webpage\",\"url\":\"https:\/\/www.esoca.com\/\",\"name\":\"Nuestros servicios - Esoca, s.l.\",\"isPartOf\":{\"@id\":\"https:\/\/www.esoca.com\/#website\"},\"datePublished\":\"2021-03-05T09:02:58+00:00\",\"dateModified\":\"2026-01-07T11:43:53+00:00\",\"breadcrumb\":{\"@id\":\"https:\/\/www.esoca.com\/#breadcrumb\"},\"inLanguage\":\"en-US\",\"potentialAction\":[{\"@type\":\"ReadAction\",\"target\":[\"https:\/\/www.esoca.com\/\"]}]},{\"@type\":\"BreadcrumbList\",\"@id\":\"https:\/\/www.esoca.com\/#breadcrumb\",\"itemListElement\":[{\"@type\":\"ListItem\",\"position\":1,\"item\":{\"@type\":\"WebPage\",\"@id\":\"https:\/\/www.esoca.com\/\",\"url\":\"https:\/\/www.esoca.com\/\",\"name\":\"Portada\"}},{\"@type\":\"ListItem\",\"position\":2,\"item\":{\"@id\":\"https:\/\/www.esoca.com\/#webpage\"}}]}]}<\/script>\n<!-- \/ Yoast SEO plugin. -->","_links":{"self":[{"href":"https:\/\/www.esoca.com\/index.php?rest_route=\/wp\/v2\/pages\/41"}],"collection":[{"href":"https:\/\/www.esoca.com\/index.php?rest_route=\/wp\/v2\/pages"}],"about":[{"href":"https:\/\/www.esoca.com\/index.php?rest_route=\/wp\/v2\/types\/page"}],"author":[{"embeddable":true,"href":"https:\/\/www.esoca.com\/index.php?rest_route=\/wp\/v2\/users\/1"}],"replies":[{"embeddable":true,"href":"https:\/\/www.esoca.com\/index.php?rest_route=%2Fwp%2Fv2%2Fcomments&post=41"}],"version-history":[{"count":8,"href":"https:\/\/www.esoca.com\/index.php?rest_route=\/wp\/v2\/pages\/41\/revisions"}],"predecessor-version":[{"id":488,"href":"https:\/\/www.esoca.com\/index.php?rest_route=\/wp\/v2\/pages\/41\/revisions\/488"}],"wp:attachment":[{"href":"https:\/\/www.esoca.com\/index.php?rest_route=%2Fwp%2Fv2%2Fmedia&parent=41"}],"curies":[{"name":"wp","href":"https:\/\/api.w.org\/{rel}","templated":true}]}}