{"id":210,"date":"2021-04-21T10:58:40","date_gmt":"2021-04-21T10:58:40","guid":{"rendered":"http:\/\/www.esoca.com\/?page_id=210"},"modified":"2026-04-13T18:47:54","modified_gmt":"2026-04-13T18:47:54","slug":"gestion-ambiental","status":"publish","type":"page","link":"https:\/\/www.esoca.com\/?page_id=210","title":{"rendered":"Gesti\u00f3n Ambiental"},"content":{"rendered":"<p style=\"margin-left: 18.0pt;\">La empresa est\u00e1 comprometida con el cuerpo legal y normativo con el medio ambiente que afecte a sus actividades y as\u00ed tomar las acciones necesarias para su protecci\u00f3n, incluida la prevenci\u00f3n de la contaminaci\u00f3n derivada del desarrollo de su actividad para reducir los efectos y consecuencias de dichas actividades.<\/p>\n<p><img decoding=\"async\" title=\"\" src=\"http:\/\/www.esoca.com\/wp-content\/uploads\/2024\/11\/Desempeno-ambiental-2023.pdf\" alt=\"\" \/><br \/>\n<a href=\"https:\/\/www.esoca.com\/?attachment_id=476\" rel=\"attachment wp-att-476\"><img loading=\"lazy\" decoding=\"async\" class=\"aligncenter size-full wp-image-476\" src=\"http:\/\/www.esoca.com\/wp-content\/uploads\/2025\/07\/Certificado-GA-scaled.jpg\" alt=\"\" width=\"1810\" height=\"2560\" srcset=\"https:\/\/www.esoca.com\/wp-content\/uploads\/2025\/07\/Certificado-GA-scaled.jpg 1810w, https:\/\/www.esoca.com\/wp-content\/uploads\/2025\/07\/Certificado-GA-212x300.jpg 212w, https:\/\/www.esoca.com\/wp-content\/uploads\/2025\/07\/Certificado-GA-724x1024.jpg 724w, https:\/\/www.esoca.com\/wp-content\/uploads\/2025\/07\/Certificado-GA-768x1086.jpg 768w, https:\/\/www.esoca.com\/wp-content\/uploads\/2025\/07\/Certificado-GA-1086x1536.jpg 1086w, https:\/\/www.esoca.com\/wp-content\/uploads\/2025\/07\/Certificado-GA-1448x2048.jpg 1448w\" sizes=\"(max-width: 1810px) 100vw, 1810px\" \/><\/a><\/p>\n<p><a href=\"https:\/\/www.esoca.com\/?attachment_id=494\" rel=\"attachment wp-att-494\">Desempe\u00f1o ambiental 2025<\/a><\/p>\n","protected":false},"excerpt":{"rendered":"<p>La empresa est\u00e1 comprometida con el cuerpo legal y normativo con el medio ambiente que afecte a sus actividades y as\u00ed tomar las acciones necesarias para su protecci\u00f3n, incluida la prevenci\u00f3n de la contaminaci\u00f3n derivada del desarrollo de su actividad para reducir los efectos y consecuencias de dichas actividades. Desempe\u00f1o ambiental 2025<\/p>\n","protected":false},"author":1,"featured_media":0,"parent":0,"menu_order":0,"comment_status":"closed","ping_status":"closed","template":"","meta":{"footnotes":""},"yoast_head":"<!-- This site is optimized with the Yoast SEO plugin v16.2 - https:\/\/yoast.com\/wordpress\/plugins\/seo\/ -->\n<title>Gesti\u00f3n Ambiental - Esoca, s.l.<\/title>\n<meta name=\"robots\" content=\"index, follow, max-snippet:-1, max-image-preview:large, max-video-preview:-1\" \/>\n<link rel=\"canonical\" href=\"https:\/\/www.esoca.com\/?page_id=210\" \/>\n<meta property=\"og:locale\" content=\"en_US\" \/>\n<meta property=\"og:type\" content=\"article\" \/>\n<meta property=\"og:title\" content=\"Gesti\u00f3n Ambiental - Esoca, s.l.\" \/>\n<meta property=\"og:description\" content=\"La empresa est\u00e1 comprometida con el cuerpo legal y normativo con el medio ambiente que afecte a sus actividades y as\u00ed tomar las acciones necesarias para su protecci\u00f3n, incluida la prevenci\u00f3n de la contaminaci\u00f3n derivada del desarrollo de su actividad para reducir los efectos y consecuencias de dichas actividades. Desempe\u00f1o ambiental 2025\" \/>\n<meta property=\"og:url\" content=\"https:\/\/www.esoca.com\/?page_id=210\" \/>\n<meta property=\"og:site_name\" content=\"Esoca, s.l.\" \/>\n<meta property=\"article:modified_time\" content=\"2026-04-13T18:47:54+00:00\" \/>\n<meta property=\"og:image\" content=\"http:\/\/www.esoca.com\/wp-content\/uploads\/2024\/11\/Desempeno-ambiental-2023.pdf\" \/>\n<meta name=\"twitter:card\" content=\"summary_large_image\" \/>\n<meta name=\"twitter:label1\" content=\"Est. reading time\">\n\t<meta name=\"twitter:data1\" content=\"1 minute\">\n<script type=\"application\/ld+json\" class=\"yoast-schema-graph\">{\"@context\":\"https:\/\/schema.org\",\"@graph\":[{\"@type\":\"WebSite\",\"@id\":\"https:\/\/www.esoca.com\/#website\",\"url\":\"https:\/\/www.esoca.com\/\",\"name\":\"Esoca, s.l.\",\"description\":\"Estudios y Obras Campo\",\"potentialAction\":[{\"@type\":\"SearchAction\",\"target\":\"https:\/\/www.esoca.com\/?s={search_term_string}\",\"query-input\":\"required name=search_term_string\"}],\"inLanguage\":\"en-US\"},{\"@type\":\"ImageObject\",\"@id\":\"https:\/\/www.esoca.com\/?page_id=210#primaryimage\",\"inLanguage\":\"en-US\",\"url\":\"http:\/\/www.esoca.com\/wp-content\/uploads\/2024\/11\/Desempeno-ambiental-2023.pdf\",\"contentUrl\":\"http:\/\/www.esoca.com\/wp-content\/uploads\/2024\/11\/Desempeno-ambiental-2023.pdf\"},{\"@type\":\"WebPage\",\"@id\":\"https:\/\/www.esoca.com\/?page_id=210#webpage\",\"url\":\"https:\/\/www.esoca.com\/?page_id=210\",\"name\":\"Gesti\\u00f3n Ambiental - Esoca, s.l.\",\"isPartOf\":{\"@id\":\"https:\/\/www.esoca.com\/#website\"},\"primaryImageOfPage\":{\"@id\":\"https:\/\/www.esoca.com\/?page_id=210#primaryimage\"},\"datePublished\":\"2021-04-21T10:58:40+00:00\",\"dateModified\":\"2026-04-13T18:47:54+00:00\",\"breadcrumb\":{\"@id\":\"https:\/\/www.esoca.com\/?page_id=210#breadcrumb\"},\"inLanguage\":\"en-US\",\"potentialAction\":[{\"@type\":\"ReadAction\",\"target\":[\"https:\/\/www.esoca.com\/?page_id=210\"]}]},{\"@type\":\"BreadcrumbList\",\"@id\":\"https:\/\/www.esoca.com\/?page_id=210#breadcrumb\",\"itemListElement\":[{\"@type\":\"ListItem\",\"position\":1,\"item\":{\"@type\":\"WebPage\",\"@id\":\"https:\/\/www.esoca.com\/\",\"url\":\"https:\/\/www.esoca.com\/\",\"name\":\"Portada\"}},{\"@type\":\"ListItem\",\"position\":2,\"item\":{\"@id\":\"https:\/\/www.esoca.com\/?page_id=210#webpage\"}}]}]}<\/script>\n<!-- \/ Yoast SEO plugin. -->","_links":{"self":[{"href":"https:\/\/www.esoca.com\/index.php?rest_route=\/wp\/v2\/pages\/210"}],"collection":[{"href":"https:\/\/www.esoca.com\/index.php?rest_route=\/wp\/v2\/pages"}],"about":[{"href":"https:\/\/www.esoca.com\/index.php?rest_route=\/wp\/v2\/types\/page"}],"author":[{"embeddable":true,"href":"https:\/\/www.esoca.com\/index.php?rest_route=\/wp\/v2\/users\/1"}],"replies":[{"embeddable":true,"href":"https:\/\/www.esoca.com\/index.php?rest_route=%2Fwp%2Fv2%2Fcomments&post=210"}],"version-history":[{"count":40,"href":"https:\/\/www.esoca.com\/index.php?rest_route=\/wp\/v2\/pages\/210\/revisions"}],"predecessor-version":[{"id":495,"href":"https:\/\/www.esoca.com\/index.php?rest_route=\/wp\/v2\/pages\/210\/revisions\/495"}],"wp:attachment":[{"href":"https:\/\/www.esoca.com\/index.php?rest_route=%2Fwp%2Fv2%2Fmedia&parent=210"}],"curies":[{"name":"wp","href":"https:\/\/api.w.org\/{rel}","templated":true}]}}