{"id":207,"date":"2021-04-21T10:57:39","date_gmt":"2021-04-21T10:57:39","guid":{"rendered":"http:\/\/www.esoca.com\/?page_id=207"},"modified":"2026-04-13T18:46:46","modified_gmt":"2026-04-13T18:46:46","slug":"calidad","status":"publish","type":"page","link":"https:\/\/www.esoca.com\/?page_id=207","title":{"rendered":"Calidad"},"content":{"rendered":"<p style=\"margin-left: 18.0pt;\">Consciente de la importancia que tiene la Calidad de los servicios para sus clientes, Esoca ha implantado un Sistema de Calidad bajo la Norma UNE-EN-ISO 9001:2015 desde el a\u00f1o 2001.<\/p>\n\n<div class=\"wp-block-image\">\n<figure class=\"aligncenter size-large\"><img loading=\"lazy\" decoding=\"async\" width=\"724\" height=\"1024\" src=\"http:\/\/www.esoca.com\/wp-content\/uploads\/2024\/07\/Certificado-C-724x1024.jpg\" alt=\"\" class=\"wp-image-389\" srcset=\"https:\/\/www.esoca.com\/wp-content\/uploads\/2024\/07\/Certificado-C-724x1024.jpg 724w, https:\/\/www.esoca.com\/wp-content\/uploads\/2024\/07\/Certificado-C-212x300.jpg 212w, https:\/\/www.esoca.com\/wp-content\/uploads\/2024\/07\/Certificado-C-768x1086.jpg 768w, https:\/\/www.esoca.com\/wp-content\/uploads\/2024\/07\/Certificado-C-1086x1536.jpg 1086w, https:\/\/www.esoca.com\/wp-content\/uploads\/2024\/07\/Certificado-C-1448x2048.jpg 1448w, https:\/\/www.esoca.com\/wp-content\/uploads\/2024\/07\/Certificado-C-scaled.jpg 1810w\" sizes=\"(max-width: 724px) 100vw, 724px\" \/><\/figure><\/div>\n\n<p><a href=\"https:\/\/www.esoca.com\/?attachment_id=483\" rel=\"attachment wp-att-483\">Pol\u00edtica del Sistema de Gesti\u00f3n<\/a><\/p>\n<p><a href=\"https:\/\/www.esoca.com\/?attachment_id=492\" rel=\"attachment wp-att-492\">Comunicado a proveedores<\/a><\/p>","protected":false},"excerpt":{"rendered":"<p>Consciente de la importancia que tiene la Calidad de los servicios para sus clientes, Esoca ha implantado un Sistema de Calidad bajo la Norma UNE-EN-ISO 9001:2015 desde el a\u00f1o 2001. Pol\u00edtica del Sistema de Gesti\u00f3n Comunicado a proveedores<\/p>\n","protected":false},"author":1,"featured_media":0,"parent":0,"menu_order":0,"comment_status":"closed","ping_status":"closed","template":"","meta":{"footnotes":""},"yoast_head":"<!-- This site is optimized with the Yoast SEO plugin v16.2 - https:\/\/yoast.com\/wordpress\/plugins\/seo\/ -->\n<title>Calidad - Esoca, s.l.<\/title>\n<meta name=\"robots\" content=\"index, follow, max-snippet:-1, max-image-preview:large, max-video-preview:-1\" \/>\n<link rel=\"canonical\" href=\"https:\/\/www.esoca.com\/?page_id=207\" \/>\n<meta property=\"og:locale\" content=\"en_US\" \/>\n<meta property=\"og:type\" content=\"article\" \/>\n<meta property=\"og:title\" content=\"Calidad - Esoca, s.l.\" \/>\n<meta property=\"og:description\" content=\"Consciente de la importancia que tiene la Calidad de los servicios para sus clientes, Esoca ha implantado un Sistema de Calidad bajo la Norma UNE-EN-ISO 9001:2015 desde el a\u00f1o 2001. Pol\u00edtica del Sistema de Gesti\u00f3n Comunicado a proveedores\" \/>\n<meta property=\"og:url\" content=\"https:\/\/www.esoca.com\/?page_id=207\" \/>\n<meta property=\"og:site_name\" content=\"Esoca, s.l.\" \/>\n<meta property=\"article:modified_time\" content=\"2026-04-13T18:46:46+00:00\" \/>\n<meta property=\"og:image\" content=\"http:\/\/www.esoca.com\/wp-content\/uploads\/2024\/07\/Certificado-C-724x1024.jpg\" \/>\n<meta name=\"twitter:card\" content=\"summary_large_image\" \/>\n<meta name=\"twitter:label1\" content=\"Est. reading time\">\n\t<meta name=\"twitter:data1\" content=\"1 minute\">\n<script type=\"application\/ld+json\" class=\"yoast-schema-graph\">{\"@context\":\"https:\/\/schema.org\",\"@graph\":[{\"@type\":\"WebSite\",\"@id\":\"https:\/\/www.esoca.com\/#website\",\"url\":\"https:\/\/www.esoca.com\/\",\"name\":\"Esoca, s.l.\",\"description\":\"Estudios y Obras Campo\",\"potentialAction\":[{\"@type\":\"SearchAction\",\"target\":\"https:\/\/www.esoca.com\/?s={search_term_string}\",\"query-input\":\"required name=search_term_string\"}],\"inLanguage\":\"en-US\"},{\"@type\":\"ImageObject\",\"@id\":\"https:\/\/www.esoca.com\/?page_id=207#primaryimage\",\"inLanguage\":\"en-US\",\"url\":\"http:\/\/www.esoca.com\/wp-content\/uploads\/2024\/07\/Certificado-C-724x1024.jpg\",\"contentUrl\":\"http:\/\/www.esoca.com\/wp-content\/uploads\/2024\/07\/Certificado-C-724x1024.jpg\"},{\"@type\":\"WebPage\",\"@id\":\"https:\/\/www.esoca.com\/?page_id=207#webpage\",\"url\":\"https:\/\/www.esoca.com\/?page_id=207\",\"name\":\"Calidad - Esoca, s.l.\",\"isPartOf\":{\"@id\":\"https:\/\/www.esoca.com\/#website\"},\"primaryImageOfPage\":{\"@id\":\"https:\/\/www.esoca.com\/?page_id=207#primaryimage\"},\"datePublished\":\"2021-04-21T10:57:39+00:00\",\"dateModified\":\"2026-04-13T18:46:46+00:00\",\"breadcrumb\":{\"@id\":\"https:\/\/www.esoca.com\/?page_id=207#breadcrumb\"},\"inLanguage\":\"en-US\",\"potentialAction\":[{\"@type\":\"ReadAction\",\"target\":[\"https:\/\/www.esoca.com\/?page_id=207\"]}]},{\"@type\":\"BreadcrumbList\",\"@id\":\"https:\/\/www.esoca.com\/?page_id=207#breadcrumb\",\"itemListElement\":[{\"@type\":\"ListItem\",\"position\":1,\"item\":{\"@type\":\"WebPage\",\"@id\":\"https:\/\/www.esoca.com\/\",\"url\":\"https:\/\/www.esoca.com\/\",\"name\":\"Portada\"}},{\"@type\":\"ListItem\",\"position\":2,\"item\":{\"@id\":\"https:\/\/www.esoca.com\/?page_id=207#webpage\"}}]}]}<\/script>\n<!-- \/ Yoast SEO plugin. -->","_links":{"self":[{"href":"https:\/\/www.esoca.com\/index.php?rest_route=\/wp\/v2\/pages\/207"}],"collection":[{"href":"https:\/\/www.esoca.com\/index.php?rest_route=\/wp\/v2\/pages"}],"about":[{"href":"https:\/\/www.esoca.com\/index.php?rest_route=\/wp\/v2\/types\/page"}],"author":[{"embeddable":true,"href":"https:\/\/www.esoca.com\/index.php?rest_route=\/wp\/v2\/users\/1"}],"replies":[{"embeddable":true,"href":"https:\/\/www.esoca.com\/index.php?rest_route=%2Fwp%2Fv2%2Fcomments&post=207"}],"version-history":[{"count":27,"href":"https:\/\/www.esoca.com\/index.php?rest_route=\/wp\/v2\/pages\/207\/revisions"}],"predecessor-version":[{"id":493,"href":"https:\/\/www.esoca.com\/index.php?rest_route=\/wp\/v2\/pages\/207\/revisions\/493"}],"wp:attachment":[{"href":"https:\/\/www.esoca.com\/index.php?rest_route=%2Fwp%2Fv2%2Fmedia&parent=207"}],"curies":[{"name":"wp","href":"https:\/\/api.w.org\/{rel}","templated":true}]}}