{"id":176,"date":"2021-04-19T10:17:10","date_gmt":"2021-04-19T10:17:10","guid":{"rendered":"http:\/\/www.esoca.com\/?page_id=176"},"modified":"2021-04-19T10:21:22","modified_gmt":"2021-04-19T10:21:22","slug":"talleres-de-restauracion-canteria-vidrieras-y-bienes-muebles","status":"publish","type":"page","link":"https:\/\/www.esoca.com\/?page_id=176","title":{"rendered":"Talleres de Restauraci\u00f3n: Canter\u00eda, Vidrieras y Bienes Muebles"},"content":{"rendered":"<p>Esoca cuenta con personal propio teniendo una plantilla de m\u00e1s de 25 personas. Como desde 1994 se ha venido desarrollando una actividad casi ininterrumpida en restauraci\u00f3n, se ha podido mantener una continuidad de restauradores y canteros que han acumulado una gran experiencia. As\u00ed mismo se han podido testar materiales y procesos constructivos que han servido para mejorar los trabajos realizados.<\/p>\n<p>La empresa cuenta con:<\/p>\n<ul>\n<li>Taller de Forja<\/li>\n<li>Taller de Canter\u00eda<\/li>\n<li>Taller de Restauraci\u00f3n de Vidrieras<\/li>\n<li>Taller de Restauraci\u00f3n de Bienes Muebles<\/li>\n<\/ul>\n\n\n<figure class=\"wp-block-image size-large\"><img decoding=\"async\" src=\"blob:http:\/\/www.esoca.com\/85b7c9be-1868-464e-8835-d5d06c46ca5c\" alt=\"\"\/><\/figure>\n\n\n\n<figure class=\"wp-block-image size-large\"><img loading=\"lazy\" decoding=\"async\" width=\"1024\" height=\"1018\" src=\"http:\/\/www.esoca.com\/wp-content\/uploads\/2021\/04\/Talleres-nuevo-1-1024x1018.jpg\" alt=\"\" class=\"wp-image-181\" srcset=\"https:\/\/www.esoca.com\/wp-content\/uploads\/2021\/04\/Talleres-nuevo-1-1024x1018.jpg 1024w, https:\/\/www.esoca.com\/wp-content\/uploads\/2021\/04\/Talleres-nuevo-1-300x298.jpg 300w, https:\/\/www.esoca.com\/wp-content\/uploads\/2021\/04\/Talleres-nuevo-1-150x150.jpg 150w, https:\/\/www.esoca.com\/wp-content\/uploads\/2021\/04\/Talleres-nuevo-1-768x763.jpg 768w, https:\/\/www.esoca.com\/wp-content\/uploads\/2021\/04\/Talleres-nuevo-1.jpg 1280w\" sizes=\"(max-width: 1024px) 100vw, 1024px\" \/><\/figure>\n","protected":false},"excerpt":{"rendered":"<p>Esoca cuenta con personal propio teniendo una plantilla de m\u00e1s de 25 personas. Como desde 1994 se ha venido desarrollando una actividad casi ininterrumpida en restauraci\u00f3n, se ha podido mantener una continuidad de restauradores y canteros que han acumulado una gran experiencia. As\u00ed mismo se han podido testar materiales y procesos constructivos que han servido para mejorar los trabajos realizados. [&hellip;]<\/p>\n","protected":false},"author":1,"featured_media":0,"parent":0,"menu_order":0,"comment_status":"closed","ping_status":"closed","template":"","meta":{"footnotes":""},"yoast_head":"<!-- This site is optimized with the Yoast SEO plugin v16.2 - https:\/\/yoast.com\/wordpress\/plugins\/seo\/ -->\n<title>Talleres de Restauraci\u00f3n: Canter\u00eda, Vidrieras y Bienes Muebles - Esoca, s.l.<\/title>\n<meta name=\"robots\" content=\"index, follow, max-snippet:-1, max-image-preview:large, max-video-preview:-1\" \/>\n<link rel=\"canonical\" href=\"https:\/\/www.esoca.com\/?page_id=176\" \/>\n<meta property=\"og:locale\" content=\"en_US\" \/>\n<meta property=\"og:type\" content=\"article\" \/>\n<meta property=\"og:title\" content=\"Talleres de Restauraci\u00f3n: Canter\u00eda, Vidrieras y Bienes Muebles - Esoca, s.l.\" \/>\n<meta property=\"og:description\" content=\"Esoca cuenta con personal propio teniendo una plantilla de m\u00e1s de 25 personas. Como desde 1994 se ha venido desarrollando una actividad casi ininterrumpida en restauraci\u00f3n, se ha podido mantener una continuidad de restauradores y canteros que han acumulado una gran experiencia. As\u00ed mismo se han podido testar materiales y procesos constructivos que han servido para mejorar los trabajos realizados. [&hellip;]\" \/>\n<meta property=\"og:url\" content=\"https:\/\/www.esoca.com\/?page_id=176\" \/>\n<meta property=\"og:site_name\" content=\"Esoca, s.l.\" \/>\n<meta property=\"article:modified_time\" content=\"2021-04-19T10:21:22+00:00\" \/>\n<meta property=\"og:image\" content=\"\" \/>\n<meta name=\"twitter:card\" content=\"summary_large_image\" \/>\n<meta name=\"twitter:label1\" content=\"Est. reading time\">\n\t<meta name=\"twitter:data1\" content=\"1 minute\">\n<script type=\"application\/ld+json\" class=\"yoast-schema-graph\">{\"@context\":\"https:\/\/schema.org\",\"@graph\":[{\"@type\":\"WebSite\",\"@id\":\"https:\/\/www.esoca.com\/#website\",\"url\":\"https:\/\/www.esoca.com\/\",\"name\":\"Esoca, s.l.\",\"description\":\"Estudios y Obras Campo\",\"potentialAction\":[{\"@type\":\"SearchAction\",\"target\":\"https:\/\/www.esoca.com\/?s={search_term_string}\",\"query-input\":\"required name=search_term_string\"}],\"inLanguage\":\"en-US\"},{\"@type\":\"ImageObject\",\"@id\":\"https:\/\/www.esoca.com\/?page_id=176#primaryimage\",\"inLanguage\":\"en-US\",\"url\":\"blob:http:\/\/www.esoca.com\/85b7c9be-1868-464e-8835-d5d06c46ca5c\",\"contentUrl\":\"blob:http:\/\/www.esoca.com\/85b7c9be-1868-464e-8835-d5d06c46ca5c\"},{\"@type\":\"WebPage\",\"@id\":\"https:\/\/www.esoca.com\/?page_id=176#webpage\",\"url\":\"https:\/\/www.esoca.com\/?page_id=176\",\"name\":\"Talleres de Restauraci\\u00f3n: Canter\\u00eda, Vidrieras y Bienes Muebles - Esoca, s.l.\",\"isPartOf\":{\"@id\":\"https:\/\/www.esoca.com\/#website\"},\"primaryImageOfPage\":{\"@id\":\"https:\/\/www.esoca.com\/?page_id=176#primaryimage\"},\"datePublished\":\"2021-04-19T10:17:10+00:00\",\"dateModified\":\"2021-04-19T10:21:22+00:00\",\"breadcrumb\":{\"@id\":\"https:\/\/www.esoca.com\/?page_id=176#breadcrumb\"},\"inLanguage\":\"en-US\",\"potentialAction\":[{\"@type\":\"ReadAction\",\"target\":[\"https:\/\/www.esoca.com\/?page_id=176\"]}]},{\"@type\":\"BreadcrumbList\",\"@id\":\"https:\/\/www.esoca.com\/?page_id=176#breadcrumb\",\"itemListElement\":[{\"@type\":\"ListItem\",\"position\":1,\"item\":{\"@type\":\"WebPage\",\"@id\":\"https:\/\/www.esoca.com\/\",\"url\":\"https:\/\/www.esoca.com\/\",\"name\":\"Portada\"}},{\"@type\":\"ListItem\",\"position\":2,\"item\":{\"@id\":\"https:\/\/www.esoca.com\/?page_id=176#webpage\"}}]}]}<\/script>\n<!-- \/ Yoast SEO plugin. -->","_links":{"self":[{"href":"https:\/\/www.esoca.com\/index.php?rest_route=\/wp\/v2\/pages\/176"}],"collection":[{"href":"https:\/\/www.esoca.com\/index.php?rest_route=\/wp\/v2\/pages"}],"about":[{"href":"https:\/\/www.esoca.com\/index.php?rest_route=\/wp\/v2\/types\/page"}],"author":[{"embeddable":true,"href":"https:\/\/www.esoca.com\/index.php?rest_route=\/wp\/v2\/users\/1"}],"replies":[{"embeddable":true,"href":"https:\/\/www.esoca.com\/index.php?rest_route=%2Fwp%2Fv2%2Fcomments&post=176"}],"version-history":[{"count":2,"href":"https:\/\/www.esoca.com\/index.php?rest_route=\/wp\/v2\/pages\/176\/revisions"}],"predecessor-version":[{"id":182,"href":"https:\/\/www.esoca.com\/index.php?rest_route=\/wp\/v2\/pages\/176\/revisions\/182"}],"wp:attachment":[{"href":"https:\/\/www.esoca.com\/index.php?rest_route=%2Fwp%2Fv2%2Fmedia&parent=176"}],"curies":[{"name":"wp","href":"https:\/\/api.w.org\/{rel}","templated":true}]}}