{"id":172,"date":"2021-04-19T10:13:03","date_gmt":"2021-04-19T10:13:03","guid":{"rendered":"http:\/\/www.esoca.com\/?page_id=172"},"modified":"2021-04-19T10:13:05","modified_gmt":"2021-04-19T10:13:05","slug":"conservacion-de-bienes-historico-artisticos","status":"publish","type":"page","link":"https:\/\/www.esoca.com\/?page_id=172","title":{"rendered":"Conservaci\u00f3n de bienes hist\u00f3rico-art\u00edsticos"},"content":{"rendered":"<p>24 a\u00f1os llevando a cabo labores de conservaci\u00f3n en importantes monumentos declarados Bienes de Inter\u00e9s Cultural. Las restauraciones llevadas a cabo en la Catedral de Le\u00f3n son buena prueba de ello: intervenciones en cubiertas, hastiales, torres, contrafuertes, pin\u00e1culos y capillas as\u00ed como la restauraci\u00f3n de m\u00e1s de 1.000 m<sup>2<\/sup> de vidrieras.<\/p>\n\n\n<figure class=\"wp-block-image size-large\"><img loading=\"lazy\" decoding=\"async\" width=\"720\" height=\"1024\" src=\"http:\/\/www.esoca.com\/wp-content\/uploads\/2021\/04\/Anuncio-2018-720x1024.jpg\" alt=\"\" class=\"wp-image-173\" srcset=\"https:\/\/www.esoca.com\/wp-content\/uploads\/2021\/04\/Anuncio-2018-720x1024.jpg 720w, https:\/\/www.esoca.com\/wp-content\/uploads\/2021\/04\/Anuncio-2018-211x300.jpg 211w, https:\/\/www.esoca.com\/wp-content\/uploads\/2021\/04\/Anuncio-2018-768x1092.jpg 768w, https:\/\/www.esoca.com\/wp-content\/uploads\/2021\/04\/Anuncio-2018-1081x1536.jpg 1081w, https:\/\/www.esoca.com\/wp-content\/uploads\/2021\/04\/Anuncio-2018.jpg 1243w\" sizes=\"(max-width: 720px) 100vw, 720px\" \/><\/figure>\n","protected":false},"excerpt":{"rendered":"<p>24 a\u00f1os llevando a cabo labores de conservaci\u00f3n en importantes monumentos declarados Bienes de Inter\u00e9s Cultural. Las restauraciones llevadas a cabo en la Catedral de Le\u00f3n son buena prueba de ello: intervenciones en cubiertas, hastiales, torres, contrafuertes, pin\u00e1culos y capillas as\u00ed como la restauraci\u00f3n de m\u00e1s de 1.000 m2 de vidrieras.<\/p>\n","protected":false},"author":1,"featured_media":0,"parent":0,"menu_order":0,"comment_status":"closed","ping_status":"closed","template":"","meta":{"footnotes":""},"yoast_head":"<!-- This site is optimized with the Yoast SEO plugin v16.2 - https:\/\/yoast.com\/wordpress\/plugins\/seo\/ -->\n<title>Conservaci\u00f3n de bienes hist\u00f3rico-art\u00edsticos - Esoca, s.l.<\/title>\n<meta name=\"robots\" content=\"index, follow, max-snippet:-1, max-image-preview:large, max-video-preview:-1\" \/>\n<link rel=\"canonical\" href=\"https:\/\/www.esoca.com\/?page_id=172\" \/>\n<meta property=\"og:locale\" content=\"en_US\" \/>\n<meta property=\"og:type\" content=\"article\" \/>\n<meta property=\"og:title\" content=\"Conservaci\u00f3n de bienes hist\u00f3rico-art\u00edsticos - Esoca, s.l.\" \/>\n<meta property=\"og:description\" content=\"24 a\u00f1os llevando a cabo labores de conservaci\u00f3n en importantes monumentos declarados Bienes de Inter\u00e9s Cultural. Las restauraciones llevadas a cabo en la Catedral de Le\u00f3n son buena prueba de ello: intervenciones en cubiertas, hastiales, torres, contrafuertes, pin\u00e1culos y capillas as\u00ed como la restauraci\u00f3n de m\u00e1s de 1.000 m2 de vidrieras.\" \/>\n<meta property=\"og:url\" content=\"https:\/\/www.esoca.com\/?page_id=172\" \/>\n<meta property=\"og:site_name\" content=\"Esoca, s.l.\" \/>\n<meta property=\"article:modified_time\" content=\"2021-04-19T10:13:05+00:00\" \/>\n<meta property=\"og:image\" content=\"http:\/\/www.esoca.com\/wp-content\/uploads\/2021\/04\/Anuncio-2018-720x1024.jpg\" \/>\n<meta name=\"twitter:card\" content=\"summary_large_image\" \/>\n<meta name=\"twitter:label1\" content=\"Est. reading time\">\n\t<meta name=\"twitter:data1\" content=\"1 minute\">\n<script type=\"application\/ld+json\" class=\"yoast-schema-graph\">{\"@context\":\"https:\/\/schema.org\",\"@graph\":[{\"@type\":\"WebSite\",\"@id\":\"https:\/\/www.esoca.com\/#website\",\"url\":\"https:\/\/www.esoca.com\/\",\"name\":\"Esoca, s.l.\",\"description\":\"Estudios y Obras Campo\",\"potentialAction\":[{\"@type\":\"SearchAction\",\"target\":\"https:\/\/www.esoca.com\/?s={search_term_string}\",\"query-input\":\"required name=search_term_string\"}],\"inLanguage\":\"en-US\"},{\"@type\":\"ImageObject\",\"@id\":\"https:\/\/www.esoca.com\/?page_id=172#primaryimage\",\"inLanguage\":\"en-US\",\"url\":\"http:\/\/www.esoca.com\/wp-content\/uploads\/2021\/04\/Anuncio-2018-720x1024.jpg\",\"contentUrl\":\"http:\/\/www.esoca.com\/wp-content\/uploads\/2021\/04\/Anuncio-2018-720x1024.jpg\"},{\"@type\":\"WebPage\",\"@id\":\"https:\/\/www.esoca.com\/?page_id=172#webpage\",\"url\":\"https:\/\/www.esoca.com\/?page_id=172\",\"name\":\"Conservaci\\u00f3n de bienes hist\\u00f3rico-art\\u00edsticos - Esoca, s.l.\",\"isPartOf\":{\"@id\":\"https:\/\/www.esoca.com\/#website\"},\"primaryImageOfPage\":{\"@id\":\"https:\/\/www.esoca.com\/?page_id=172#primaryimage\"},\"datePublished\":\"2021-04-19T10:13:03+00:00\",\"dateModified\":\"2021-04-19T10:13:05+00:00\",\"breadcrumb\":{\"@id\":\"https:\/\/www.esoca.com\/?page_id=172#breadcrumb\"},\"inLanguage\":\"en-US\",\"potentialAction\":[{\"@type\":\"ReadAction\",\"target\":[\"https:\/\/www.esoca.com\/?page_id=172\"]}]},{\"@type\":\"BreadcrumbList\",\"@id\":\"https:\/\/www.esoca.com\/?page_id=172#breadcrumb\",\"itemListElement\":[{\"@type\":\"ListItem\",\"position\":1,\"item\":{\"@type\":\"WebPage\",\"@id\":\"https:\/\/www.esoca.com\/\",\"url\":\"https:\/\/www.esoca.com\/\",\"name\":\"Portada\"}},{\"@type\":\"ListItem\",\"position\":2,\"item\":{\"@id\":\"https:\/\/www.esoca.com\/?page_id=172#webpage\"}}]}]}<\/script>\n<!-- \/ Yoast SEO plugin. -->","_links":{"self":[{"href":"https:\/\/www.esoca.com\/index.php?rest_route=\/wp\/v2\/pages\/172"}],"collection":[{"href":"https:\/\/www.esoca.com\/index.php?rest_route=\/wp\/v2\/pages"}],"about":[{"href":"https:\/\/www.esoca.com\/index.php?rest_route=\/wp\/v2\/types\/page"}],"author":[{"embeddable":true,"href":"https:\/\/www.esoca.com\/index.php?rest_route=\/wp\/v2\/users\/1"}],"replies":[{"embeddable":true,"href":"https:\/\/www.esoca.com\/index.php?rest_route=%2Fwp%2Fv2%2Fcomments&post=172"}],"version-history":[{"count":1,"href":"https:\/\/www.esoca.com\/index.php?rest_route=\/wp\/v2\/pages\/172\/revisions"}],"predecessor-version":[{"id":175,"href":"https:\/\/www.esoca.com\/index.php?rest_route=\/wp\/v2\/pages\/172\/revisions\/175"}],"wp:attachment":[{"href":"https:\/\/www.esoca.com\/index.php?rest_route=%2Fwp%2Fv2%2Fmedia&parent=172"}],"curies":[{"name":"wp","href":"https:\/\/api.w.org\/{rel}","templated":true}]}}