{"id":163,"date":"2021-04-19T10:03:13","date_gmt":"2021-04-19T10:03:13","guid":{"rendered":"http:\/\/www.esoca.com\/?page_id=163"},"modified":"2022-01-06T18:43:13","modified_gmt":"2022-01-06T18:43:13","slug":"construccion-restauracion-y-rehabilitacion-de-edificios","status":"publish","type":"page","link":"https:\/\/www.esoca.com\/?page_id=163","title":{"rendered":"Construcci\u00f3n, restauraci\u00f3n y rehabilitaci\u00f3n de edificios"},"content":{"rendered":"<p>Amplia experiencia profesional que ofrece un trato personalizado y de calidad en los trabajos. Se dispone de una plantilla estable especializada en los distintos oficios de la construcci\u00f3n.<\/p>\n<p><\/p>\n\n\n<figure class=\"wp-block-image size-large\"><img loading=\"lazy\" decoding=\"async\" width=\"843\" height=\"1024\" src=\"http:\/\/www.esoca.com\/wp-content\/uploads\/2021\/04\/Hastial-bis-843x1024.jpg\" alt=\"\" class=\"wp-image-164\" srcset=\"https:\/\/www.esoca.com\/wp-content\/uploads\/2021\/04\/Hastial-bis-843x1024.jpg 843w, https:\/\/www.esoca.com\/wp-content\/uploads\/2021\/04\/Hastial-bis-247x300.jpg 247w, https:\/\/www.esoca.com\/wp-content\/uploads\/2021\/04\/Hastial-bis-768x933.jpg 768w, https:\/\/www.esoca.com\/wp-content\/uploads\/2021\/04\/Hastial-bis.jpg 1259w\" sizes=\"(max-width: 843px) 100vw, 843px\" \/><\/figure>\n","protected":false},"excerpt":{"rendered":"<p>Amplia experiencia profesional que ofrece un trato personalizado y de calidad en los trabajos. Se dispone de una plantilla estable especializada en los distintos oficios de la construcci\u00f3n.<\/p>\n","protected":false},"author":1,"featured_media":0,"parent":0,"menu_order":0,"comment_status":"closed","ping_status":"closed","template":"","meta":{"footnotes":""},"yoast_head":"<!-- This site is optimized with the Yoast SEO plugin v16.2 - https:\/\/yoast.com\/wordpress\/plugins\/seo\/ -->\n<title>Construcci\u00f3n, restauraci\u00f3n y rehabilitaci\u00f3n de edificios - Esoca, s.l.<\/title>\n<meta name=\"robots\" content=\"index, follow, max-snippet:-1, max-image-preview:large, max-video-preview:-1\" \/>\n<link rel=\"canonical\" href=\"https:\/\/www.esoca.com\/?page_id=163\" \/>\n<meta property=\"og:locale\" content=\"en_US\" \/>\n<meta property=\"og:type\" content=\"article\" \/>\n<meta property=\"og:title\" content=\"Construcci\u00f3n, restauraci\u00f3n y rehabilitaci\u00f3n de edificios - Esoca, s.l.\" \/>\n<meta property=\"og:description\" content=\"Amplia experiencia profesional que ofrece un trato personalizado y de calidad en los trabajos. Se dispone de una plantilla estable especializada en los distintos oficios de la construcci\u00f3n.\" \/>\n<meta property=\"og:url\" content=\"https:\/\/www.esoca.com\/?page_id=163\" \/>\n<meta property=\"og:site_name\" content=\"Esoca, s.l.\" \/>\n<meta property=\"article:modified_time\" content=\"2022-01-06T18:43:13+00:00\" \/>\n<meta property=\"og:image\" content=\"http:\/\/www.esoca.com\/wp-content\/uploads\/2021\/04\/Hastial-bis-843x1024.jpg\" \/>\n<meta name=\"twitter:card\" content=\"summary_large_image\" \/>\n<meta name=\"twitter:label1\" content=\"Est. reading time\">\n\t<meta name=\"twitter:data1\" content=\"1 minute\">\n<script type=\"application\/ld+json\" class=\"yoast-schema-graph\">{\"@context\":\"https:\/\/schema.org\",\"@graph\":[{\"@type\":\"WebSite\",\"@id\":\"https:\/\/www.esoca.com\/#website\",\"url\":\"https:\/\/www.esoca.com\/\",\"name\":\"Esoca, s.l.\",\"description\":\"Estudios y Obras Campo\",\"potentialAction\":[{\"@type\":\"SearchAction\",\"target\":\"https:\/\/www.esoca.com\/?s={search_term_string}\",\"query-input\":\"required name=search_term_string\"}],\"inLanguage\":\"en-US\"},{\"@type\":\"ImageObject\",\"@id\":\"https:\/\/www.esoca.com\/?page_id=163#primaryimage\",\"inLanguage\":\"en-US\",\"url\":\"http:\/\/www.esoca.com\/wp-content\/uploads\/2021\/04\/Hastial-bis-843x1024.jpg\",\"contentUrl\":\"http:\/\/www.esoca.com\/wp-content\/uploads\/2021\/04\/Hastial-bis-843x1024.jpg\"},{\"@type\":\"WebPage\",\"@id\":\"https:\/\/www.esoca.com\/?page_id=163#webpage\",\"url\":\"https:\/\/www.esoca.com\/?page_id=163\",\"name\":\"Construcci\\u00f3n, restauraci\\u00f3n y rehabilitaci\\u00f3n de edificios - Esoca, s.l.\",\"isPartOf\":{\"@id\":\"https:\/\/www.esoca.com\/#website\"},\"primaryImageOfPage\":{\"@id\":\"https:\/\/www.esoca.com\/?page_id=163#primaryimage\"},\"datePublished\":\"2021-04-19T10:03:13+00:00\",\"dateModified\":\"2022-01-06T18:43:13+00:00\",\"breadcrumb\":{\"@id\":\"https:\/\/www.esoca.com\/?page_id=163#breadcrumb\"},\"inLanguage\":\"en-US\",\"potentialAction\":[{\"@type\":\"ReadAction\",\"target\":[\"https:\/\/www.esoca.com\/?page_id=163\"]}]},{\"@type\":\"BreadcrumbList\",\"@id\":\"https:\/\/www.esoca.com\/?page_id=163#breadcrumb\",\"itemListElement\":[{\"@type\":\"ListItem\",\"position\":1,\"item\":{\"@type\":\"WebPage\",\"@id\":\"https:\/\/www.esoca.com\/\",\"url\":\"https:\/\/www.esoca.com\/\",\"name\":\"Portada\"}},{\"@type\":\"ListItem\",\"position\":2,\"item\":{\"@id\":\"https:\/\/www.esoca.com\/?page_id=163#webpage\"}}]}]}<\/script>\n<!-- \/ Yoast SEO plugin. -->","_links":{"self":[{"href":"https:\/\/www.esoca.com\/index.php?rest_route=\/wp\/v2\/pages\/163"}],"collection":[{"href":"https:\/\/www.esoca.com\/index.php?rest_route=\/wp\/v2\/pages"}],"about":[{"href":"https:\/\/www.esoca.com\/index.php?rest_route=\/wp\/v2\/types\/page"}],"author":[{"embeddable":true,"href":"https:\/\/www.esoca.com\/index.php?rest_route=\/wp\/v2\/users\/1"}],"replies":[{"embeddable":true,"href":"https:\/\/www.esoca.com\/index.php?rest_route=%2Fwp%2Fv2%2Fcomments&post=163"}],"version-history":[{"count":2,"href":"https:\/\/www.esoca.com\/index.php?rest_route=\/wp\/v2\/pages\/163\/revisions"}],"predecessor-version":[{"id":169,"href":"https:\/\/www.esoca.com\/index.php?rest_route=\/wp\/v2\/pages\/163\/revisions\/169"}],"wp:attachment":[{"href":"https:\/\/www.esoca.com\/index.php?rest_route=%2Fwp%2Fv2%2Fmedia&parent=163"}],"curies":[{"name":"wp","href":"https:\/\/api.w.org\/{rel}","templated":true}]}}